{"id":150,"date":"2018-02-28T20:07:41","date_gmt":"2018-02-28T19:07:41","guid":{"rendered":"http:\/\/www.arca-valognes.fr\/?page_id=150"},"modified":"2018-04-16T19:12:37","modified_gmt":"2018-04-16T17:12:37","slug":"nous-soutenir","status":"publish","type":"page","link":"https:\/\/www.arca-valognes.fr\/index.php\/nous-soutenir\/","title":{"rendered":"Nous soutenir"},"content":{"rendered":"<p>Les membres de l&rsquo;ARCA travaillent \u00e0 la mise en oeuvre de la restauration de cette magnifique chapelle.<\/p>\n<p>Pour se faire, en accord avec le Centre Hospitalier Public du Cotentin, ils mettent tout en oeuvre pour collecter les fonds n\u00e9cessaires \u00e0 la restauration de la chapelle (demande de subvention, de m\u00e9c\u00e9nat, collectes de fonds, organisations d&rsquo;\u00e9v\u00e9nements).<\/p>\n<p>Pour les soutenir dans la t\u00e2che qu&rsquo;ils accomplissent, il est possible de participer au financement de la restauration de cette chapelle, fleuron du patrimoine religieux du Cotentin, un des rares exemples d&rsquo;\u00e9difice religieux ayant pr\u00e9serv\u00e9 son d\u00e9cor typique du XVII\u00e8me si\u00e8cle.<\/p>\n<p>Vous pouvez faire un don contre re\u00e7u fiscal <a href=\"https:\/\/www.fondation-patrimoine.org\/les-projets\/chapelle-de-l-ancienne-abbaye-royale-valognes\">ICI via le site de la Fondation du Patrimoine<\/a><\/p>\n<p>Il est \u00e9galement possible de prendre contact avec nous pour adh\u00e9rer \u00e0 l\u2019association en \u00e9crivant \u00e0 l&rsquo;adresse arca.valognes@gmail.com.<\/p>\n<p>En nous aidant, vous participerez \u00e0 la restauration du ce joyau du Cotentin !<\/p>\n","protected":false},"excerpt":{"rendered":"<p>Les membres de l&rsquo;ARCA travaillent \u00e0 la mise en oeuvre de la restauration de cette magnifique chapelle. Pour se faire, en accord avec le Centre Hospitalier Public du Cotentin, ils mettent tout en oeuvre pour collecter les fonds n\u00e9cessaires \u00e0 la restauration de la chapelle (demande de subvention, de m\u00e9c\u00e9nat, &hellip;<\/p>\n","protected":false},"author":3,"featured_media":0,"parent":0,"menu_order":0,"comment_status":"closed","ping_status":"closed","template":"","meta":[],"_links":{"self":[{"href":"https:\/\/www.arca-valognes.fr\/index.php\/wp-json\/wp\/v2\/pages\/150"}],"collection":[{"href":"https:\/\/www.arca-valognes.fr\/index.php\/wp-json\/wp\/v2\/pages"}],"about":[{"href":"https:\/\/www.arca-valognes.fr\/index.php\/wp-json\/wp\/v2\/types\/page"}],"author":[{"embeddable":true,"href":"https:\/\/www.arca-valognes.fr\/index.php\/wp-json\/wp\/v2\/users\/3"}],"replies":[{"embeddable":true,"href":"https:\/\/www.arca-valognes.fr\/index.php\/wp-json\/wp\/v2\/comments?post=150"}],"version-history":[{"count":8,"href":"https:\/\/www.arca-valognes.fr\/index.php\/wp-json\/wp\/v2\/pages\/150\/revisions"}],"predecessor-version":[{"id":153,"href":"https:\/\/www.arca-valognes.fr\/index.php\/wp-json\/wp\/v2\/pages\/150\/revisions\/153"}],"wp:attachment":[{"href":"https:\/\/www.arca-valognes.fr\/index.php\/wp-json\/wp\/v2\/media?parent=150"}],"curies":[{"name":"wp","href":"https:\/\/api.w.org\/{rel}","templated":true}]}}