{"id":2,"date":"2016-06-15T16:03:43","date_gmt":"2016-06-15T14:03:43","guid":{"rendered":"http:\/\/www.arca-valognes.fr\/?page_id=2"},"modified":"2016-11-18T00:00:34","modified_gmt":"2016-11-17T23:00:34","slug":"chapelle","status":"publish","type":"page","link":"https:\/\/www.arca-valognes.fr\/index.php\/chapelle\/","title":{"rendered":"La Chapelle"},"content":{"rendered":"<h3>La Chapelle<\/h3>\n<p>&nbsp;<\/p>\n<p><a href=\"https:\/\/www.arca-valognes.fr\/index.php\/chapelle\/image1\/\"><img decoding=\"async\" loading=\"lazy\" class=\"aligncenter wp-image-105 size-medium\" src=\"https:\/\/www.arca-valognes.fr\/wp-content\/uploads\/2016\/06\/Image1-200x300.jpg\" alt=\"image1\" width=\"200\" height=\"300\" srcset=\"https:\/\/www.arca-valognes.fr\/wp-content\/uploads\/2016\/06\/Image1-200x300.jpg 200w, https:\/\/www.arca-valognes.fr\/wp-content\/uploads\/2016\/06\/Image1-768x1152.jpg 768w, https:\/\/www.arca-valognes.fr\/wp-content\/uploads\/2016\/06\/Image1-682x1024.jpg 682w, https:\/\/www.arca-valognes.fr\/wp-content\/uploads\/2016\/06\/Image1.jpg 903w\" sizes=\"(max-width: 200px) 100vw, 200px\" \/><\/a><\/p>\n<p>La chapelle se situe \u00e0 Valognes, dans l\u2019enceinte du centre hospitalier, une ancienne Abbaye dont\u00a0les b\u00e2timents avaient \u00e9t\u00e9 vendus comme \u00ab biens nationaux \u00bb, et rachet\u00e9s beaucoup plus tard par la municipalit\u00e9 pour y installer l\u2019h\u00f4pital.<\/p>\n<p>&nbsp;<\/p>\n<p><a href=\"https:\/\/www.arca-valognes.fr\/index.php\/chapelle\/image3\/\"><img decoding=\"async\" loading=\"lazy\" class=\"aligncenter wp-image-107 size-medium\" src=\"https:\/\/www.arca-valognes.fr\/wp-content\/uploads\/2016\/06\/Image3-300x200.jpg\" alt=\"image3\" width=\"300\" height=\"200\" srcset=\"https:\/\/www.arca-valognes.fr\/wp-content\/uploads\/2016\/06\/Image3-300x200.jpg 300w, https:\/\/www.arca-valognes.fr\/wp-content\/uploads\/2016\/06\/Image3-768x512.jpg 768w, https:\/\/www.arca-valognes.fr\/wp-content\/uploads\/2016\/06\/Image3.jpg 827w\" sizes=\"(max-width: 300px) 100vw, 300px\" \/><\/a><\/p>\n<p>&nbsp;<\/p>\n<p>Le visiteur<i> <\/i>y acc\u00e8de en passant sous une porte coch\u00e8re en longeant l\u2019aile est de l\u2019abbatiale ou en passant par l\u2019ancien clo\u00eetre.<\/p>\n<p>&nbsp;<\/p>\n<p><a href=\"https:\/\/www.arca-valognes.fr\/index.php\/chapelle\/image4\/\"><img decoding=\"async\" loading=\"lazy\" class=\"aligncenter wp-image-108 size-medium\" src=\"https:\/\/www.arca-valognes.fr\/wp-content\/uploads\/2016\/06\/Image4-300x200.jpg\" alt=\"image4\" width=\"300\" height=\"200\" srcset=\"https:\/\/www.arca-valognes.fr\/wp-content\/uploads\/2016\/06\/Image4-300x200.jpg 300w, https:\/\/www.arca-valognes.fr\/wp-content\/uploads\/2016\/06\/Image4-768x512.jpg 768w, https:\/\/www.arca-valognes.fr\/wp-content\/uploads\/2016\/06\/Image4.jpg 821w\" sizes=\"(max-width: 300px) 100vw, 300px\" \/><\/a><\/p>\n<p>&nbsp;<\/p>\n<p>Sa fa\u00e7ade s&rsquo;agr\u00e9mente d&rsquo;un surprenant portail baroque, orn\u00e9 de deux ordres superpos\u00e9s \u00e0 pilastres et agr\u00e9ment\u00e9 d&rsquo;une impressionnante profusion de bossages, surmont\u00e9 d\u2019une pi\u00e9ta. Le logis de l&rsquo;abbesse est un bel \u00e9difice r\u00e9guli\u00e8rement ordonnanc\u00e9 par des cha\u00eenes harp\u00e9es et de longs bandeaux horizontaux.<\/p>\n<p>&nbsp;<\/p>\n<h3>L&rsquo;int\u00e9rieur<\/h3>\n<p><a href=\"https:\/\/www.arca-valognes.fr\/index.php\/chapelle\/image5\/\"><img decoding=\"async\" loading=\"lazy\" class=\"aligncenter wp-image-109 size-medium\" src=\"https:\/\/www.arca-valognes.fr\/wp-content\/uploads\/2016\/06\/Image5-183x300.jpg\" alt=\"image5\" width=\"183\" height=\"300\" srcset=\"https:\/\/www.arca-valognes.fr\/wp-content\/uploads\/2016\/06\/Image5-183x300.jpg 183w, https:\/\/www.arca-valognes.fr\/wp-content\/uploads\/2016\/06\/Image5-625x1024.jpg 625w, https:\/\/www.arca-valognes.fr\/wp-content\/uploads\/2016\/06\/Image5.jpg 671w\" sizes=\"(max-width: 183px) 100vw, 183px\" \/><\/a><\/p>\n<p>Une nef rectangulaire, ponctu\u00e9e de quatre chapelles successives c\u00f4t\u00e9 est, se termine par un escalier en fer \u00e0 cheval avec rampes en fer forg\u00e9 menant <i>au ma\u00eetre autel.<\/i><\/p>\n<p><a href=\"https:\/\/www.arca-valognes.fr\/index.php\/chapelle\/image6\/\"><img decoding=\"async\" loading=\"lazy\" class=\"aligncenter wp-image-110 size-medium\" src=\"https:\/\/www.arca-valognes.fr\/wp-content\/uploads\/2016\/06\/Image6-191x300.jpg\" alt=\"image6\" width=\"191\" height=\"300\" srcset=\"https:\/\/www.arca-valognes.fr\/wp-content\/uploads\/2016\/06\/Image6-191x300.jpg 191w, https:\/\/www.arca-valognes.fr\/wp-content\/uploads\/2016\/06\/Image6-768x1206.jpg 768w, https:\/\/www.arca-valognes.fr\/wp-content\/uploads\/2016\/06\/Image6-652x1024.jpg 652w, https:\/\/www.arca-valognes.fr\/wp-content\/uploads\/2016\/06\/Image6.jpg 845w\" sizes=\"(max-width: 191px) 100vw, 191px\" \/><\/a><\/p>\n<p>De la plateforme on peut apercevoir, en \u00e9querre, \u00ab\u00a0<i>la nef des <\/i><i>religieuses\u00a0<\/i>\u00bb plus sobre, autrefois s\u00e9par\u00e9e par une grille, avec sa porte en claire-voie.<\/p>\n<p>&nbsp;<\/p>\n<p><i>Inscrite aux monuments historiques en1937,\u00a0<\/i>la chapelle abrite:<\/p>\n<ul>\n<li>8 objets mobiliers class\u00e9s,<\/li>\n<li>9 objets inscrits.<\/li>\n<\/ul>\n<p>&nbsp;<\/p>\n","protected":false},"excerpt":{"rendered":"<p>La Chapelle &nbsp; La chapelle se situe \u00e0 Valognes, dans l\u2019enceinte du centre hospitalier, une ancienne Abbaye dont\u00a0les b\u00e2timents avaient \u00e9t\u00e9 vendus comme \u00ab biens nationaux \u00bb, et rachet\u00e9s beaucoup plus tard par la municipalit\u00e9 pour y installer l\u2019h\u00f4pital. &nbsp; &nbsp; Le visiteur y acc\u00e8de en passant sous une porte &hellip;<\/p>\n","protected":false},"author":1,"featured_media":0,"parent":0,"menu_order":3,"comment_status":"closed","ping_status":"open","template":"","meta":[],"_links":{"self":[{"href":"https:\/\/www.arca-valognes.fr\/index.php\/wp-json\/wp\/v2\/pages\/2"}],"collection":[{"href":"https:\/\/www.arca-valognes.fr\/index.php\/wp-json\/wp\/v2\/pages"}],"about":[{"href":"https:\/\/www.arca-valognes.fr\/index.php\/wp-json\/wp\/v2\/types\/page"}],"author":[{"embeddable":true,"href":"https:\/\/www.arca-valognes.fr\/index.php\/wp-json\/wp\/v2\/users\/1"}],"replies":[{"embeddable":true,"href":"https:\/\/www.arca-valognes.fr\/index.php\/wp-json\/wp\/v2\/comments?post=2"}],"version-history":[{"count":6,"href":"https:\/\/www.arca-valognes.fr\/index.php\/wp-json\/wp\/v2\/pages\/2\/revisions"}],"predecessor-version":[{"id":113,"href":"https:\/\/www.arca-valognes.fr\/index.php\/wp-json\/wp\/v2\/pages\/2\/revisions\/113"}],"wp:attachment":[{"href":"https:\/\/www.arca-valognes.fr\/index.php\/wp-json\/wp\/v2\/media?parent=2"}],"curies":[{"name":"wp","href":"https:\/\/api.w.org\/{rel}","templated":true}]}}