{"id":367,"date":"2018-10-22T19:39:50","date_gmt":"2018-10-22T17:39:50","guid":{"rendered":"http:\/\/www.arca-valognes.fr\/?page_id=367"},"modified":"2024-03-06T07:12:37","modified_gmt":"2024-03-06T06:12:37","slug":"adhesion-2022","status":"publish","type":"page","link":"https:\/\/www.arca-valognes.fr\/index.php\/adhesion-2022\/","title":{"rendered":"Adh\u00e9sion 2024"},"content":{"rendered":"<blockquote>\n<p style=\"padding-left: 40px;\">Les adh\u00e9sions 2024 sont ouvertes. Elles permettent de soutenir l&rsquo;association, mais aussi d&rsquo;\u00eatre inform\u00e9 des \u00e9v\u00e9nements organis\u00e9s autour du projet de restauration de l&rsquo;\u00e9glise abbatiale de l&rsquo;ancienne abbaye b\u00e9n\u00e9dictine de Valognes.<\/p>\n<\/blockquote>\n<p>Cette ann\u00e9e les inscriptions sont possibles par internet.<\/p>\n<p>Il suffit de compl\u00e9ter le formulaire ci-dessous. Apr\u00e8s l&rsquo;avoir envoy\u00e9 vous recevrez un message de confirmation de votre demande avec le RIB de notre compte bancaire pour nous faire un virement ou une adresse postale ou nous envoyer votre ch\u00e8que. Votre adh\u00e9sion sera prise en compte apr\u00e8s r\u00e9ception de votre r\u00e8glement.<\/p>\n<p>Pour toute question vous pouvez nous contacter \u00e0 <a href=\"mailto:arca.valognes@gmail.com\">arca.valognes@gmail.com.<\/a><\/p>\n<p><iframe loading=\"lazy\" src=\"https:\/\/docs.google.com\/forms\/d\/e\/1FAIpQLSe6ewTImxmlHogLoPd2TAStrkgzAHD1pg6bKzaKg9w44Zm9dw\/viewform?embedded=true\" width=\"640\" height=\"1770\" frameborder=\"0\" marginwidth=\"0\" marginheight=\"0\"><span data-mce-type=\"bookmark\" style=\"display: inline-block; width: 0px; overflow: hidden; line-height: 0;\" class=\"mce_SELRES_start\">\ufeff<\/span><span data-mce-type=\"bookmark\" style=\"display: inline-block; width: 0px; overflow: hidden; line-height: 0;\" class=\"mce_SELRES_start\">\ufeff<\/span><span data-mce-type=\"bookmark\" style=\"display: inline-block; width: 0px; overflow: hidden; line-height: 0;\" class=\"mce_SELRES_start\">\ufeff<\/span>Chargement en cours&#8230;<\/iframe><\/p>\n<p>Pour revenir en haut de la page <a href=\"https:\/\/www.arca-valognes.fr\/?page_id=367&amp;preview=true\">Cliquez ICI<\/a><\/p>\n","protected":false},"excerpt":{"rendered":"<p>Les adh\u00e9sions 2024 sont ouvertes. Elles permettent de soutenir l&rsquo;association, mais aussi d&rsquo;\u00eatre inform\u00e9 des \u00e9v\u00e9nements organis\u00e9s autour du projet de restauration de l&rsquo;\u00e9glise abbatiale de l&rsquo;ancienne abbaye b\u00e9n\u00e9dictine de Valognes. Cette ann\u00e9e les inscriptions sont possibles par internet. Il suffit de compl\u00e9ter le formulaire ci-dessous. Apr\u00e8s l&rsquo;avoir envoy\u00e9 vous &hellip;<\/p>\n","protected":false},"author":3,"featured_media":0,"parent":0,"menu_order":0,"comment_status":"closed","ping_status":"closed","template":"","meta":[],"_links":{"self":[{"href":"https:\/\/www.arca-valognes.fr\/index.php\/wp-json\/wp\/v2\/pages\/367"}],"collection":[{"href":"https:\/\/www.arca-valognes.fr\/index.php\/wp-json\/wp\/v2\/pages"}],"about":[{"href":"https:\/\/www.arca-valognes.fr\/index.php\/wp-json\/wp\/v2\/types\/page"}],"author":[{"embeddable":true,"href":"https:\/\/www.arca-valognes.fr\/index.php\/wp-json\/wp\/v2\/users\/3"}],"replies":[{"embeddable":true,"href":"https:\/\/www.arca-valognes.fr\/index.php\/wp-json\/wp\/v2\/comments?post=367"}],"version-history":[{"count":15,"href":"https:\/\/www.arca-valognes.fr\/index.php\/wp-json\/wp\/v2\/pages\/367\/revisions"}],"predecessor-version":[{"id":495,"href":"https:\/\/www.arca-valognes.fr\/index.php\/wp-json\/wp\/v2\/pages\/367\/revisions\/495"}],"wp:attachment":[{"href":"https:\/\/www.arca-valognes.fr\/index.php\/wp-json\/wp\/v2\/media?parent=367"}],"curies":[{"name":"wp","href":"https:\/\/api.w.org\/{rel}","templated":true}]}}