{"id":89,"date":"2016-11-14T00:58:32","date_gmt":"2016-11-13T23:58:32","guid":{"rendered":"http:\/\/www.arca-valognes.fr\/?page_id=89"},"modified":"2023-07-21T00:09:02","modified_gmt":"2023-07-20T22:09:02","slug":"accueil","status":"publish","type":"page","link":"https:\/\/www.arca-valognes.fr\/","title":{"rendered":"Accueil"},"content":{"rendered":"\n<h3 class=\"wp-block-heading\">Bienvenue sur le site de l&rsquo;ARCA,<\/h3>\n\n\n<div class=\"wp-block-image\">\n<figure class=\"aligncenter\"><img decoding=\"async\" loading=\"lazy\" width=\"150\" height=\"150\" src=\"https:\/\/www.arca-valognes.fr\/wp-content\/uploads\/2016\/06\/Arca-Valognes-2-150x150.png\" alt=\"Arca Valognes\" class=\"wp-image-7\" srcset=\"https:\/\/www.arca-valognes.fr\/wp-content\/uploads\/2016\/06\/Arca-Valognes-2-150x150.png 150w, https:\/\/www.arca-valognes.fr\/wp-content\/uploads\/2016\/06\/Arca-Valognes-2-300x300.png 300w, https:\/\/www.arca-valognes.fr\/wp-content\/uploads\/2016\/06\/Arca-Valognes-2.png 512w\" sizes=\"(max-width: 150px) 100vw, 150px\" \/><\/figure><\/div>\n\n\n<p>Petit bijou Valognais, chef d\u2019\u0153uvre d\u2019architecture du XVII\u00e8me si\u00e8cle, la chapelle Notre Dame de Protection de l\u2019ancienne abbaye&nbsp; b\u00e9n\u00e9dictine royale m\u00e9rite de retrouver son lustre d\u2019antan et de pouvoir conserver son mobilier d\u2019origine qui risque d\u2019\u00eatre dispers\u00e9 si certains&nbsp;travaux d&rsquo;urgence ne sont pas effectu\u00e9s.<\/p>\n\n\n\n<p><i>L\u2019Association pour la Restauration de la Chapelle de l\u2019ancienne Abbaye <\/i>(ARCA)<i> <\/i>est une association loi 1901,&nbsp;regroupant fid\u00e8les et passionn\u00e9s du patrimoine, s\u2019est fix\u00e9e pour objectif de mettre en \u0153uvre la restauration de ce double patrimoine :<\/p>\n\n\n\n<ul>\n<li>patrimoine mat\u00e9riel : en \u0153uvrant pour la restauration de l&rsquo;\u00e9difice, des statues et du mobilier liturgique de la Chapelle,<\/li>\n\n\n\n<li>patrimoine spirituel : en rendant&nbsp;\u00e0 la Chapelle son caract\u00e8re religieux. Ainsi, tous les dimanches et f\u00eates, une messe est c\u00e9l\u00e9br\u00e9e dans la forme extraordinaire du rite romain.<\/li>\n<\/ul>\n\n\n\n<p>Ce site <a href=\"https:\/\/www.arca-valognes.fr\/index.php\/actualites\/\">relaiera les diff\u00e9rents \u00e9v\u00e9nements organis\u00e9s pour financer la restauration<\/a> (visites, concerts, &#8230;) et vous tiendra inform\u00e9 des collectes de fonds et de l&rsquo;avanc\u00e9e des travaux.<\/p>\n\n\n\n<p>L&rsquo;ARCA&nbsp;a besoin de soutien financier pour mener \u00e0 bout ce projet .<\/p>\n\n\n<div class=\"wp-block-image\">\n<figure class=\"alignleft\"><img decoding=\"async\" loading=\"lazy\" width=\"190\" height=\"186\" src=\"https:\/\/www.arca-valognes.fr\/wp-content\/uploads\/2018\/02\/Logo-Fondation-Patrimoine.png\" alt=\"\" class=\"wp-image-170\"\/><\/figure><\/div>\n\n\n<p>Avec le soutien de la Fondation du Patrimoine l&rsquo;ARCA a lanc\u00e9 une collecte de fonds pour la mise hors d&rsquo;eau de la chapelle afin qu&rsquo;elle puisse conserver son mobilier class\u00e9 Monument Historique.<\/p>\n\n\n<div class=\"wp-block-image\">\n<figure class=\"aligncenter\"><a href=\"https:\/\/www.arca-valognes.fr\/index.php\/chapelle\/image2\/\"><img decoding=\"async\" loading=\"lazy\" width=\"683\" height=\"1024\" src=\"https:\/\/www.arca-valognes.fr\/wp-content\/uploads\/2016\/06\/Image2-e1479422672381-683x1024.jpg\" alt=\"image2\" class=\"wp-image-106\" srcset=\"https:\/\/www.arca-valognes.fr\/wp-content\/uploads\/2016\/06\/Image2-e1479422672381-683x1024.jpg 683w, https:\/\/www.arca-valognes.fr\/wp-content\/uploads\/2016\/06\/Image2-e1479422672381-200x300.jpg 200w, https:\/\/www.arca-valognes.fr\/wp-content\/uploads\/2016\/06\/Image2-e1479422672381-768x1152.jpg 768w, https:\/\/www.arca-valognes.fr\/wp-content\/uploads\/2016\/06\/Image2-e1479422672381-960x1440.jpg 960w, https:\/\/www.arca-valognes.fr\/wp-content\/uploads\/2016\/06\/Image2-e1479422672381.jpg 1672w\" sizes=\"(max-width: 683px) 100vw, 683px\" \/><\/a><\/figure><\/div>\n\n\n<p>Vous pouvez donner (contre re\u00e7u fiscal) sur le lien <a href=\"https:\/\/www.fondation-patrimoine.org\/les-projets\/chapelle-de-l-ancienne-abbaye-royale-valognes\">ICI<\/a><br><\/p>\n","protected":false},"excerpt":{"rendered":"<p>Bienvenue sur le site de l&rsquo;ARCA, Petit bijou Valognais, chef d\u2019\u0153uvre d\u2019architecture du XVII\u00e8me si\u00e8cle, la chapelle Notre Dame de Protection de l\u2019ancienne abbaye&nbsp; b\u00e9n\u00e9dictine royale m\u00e9rite de retrouver son lustre d\u2019antan et de pouvoir conserver son mobilier d\u2019origine qui risque d\u2019\u00eatre dispers\u00e9 si certains&nbsp;travaux d&rsquo;urgence ne sont pas effectu\u00e9s. &hellip;<\/p>\n","protected":false},"author":1,"featured_media":0,"parent":0,"menu_order":0,"comment_status":"closed","ping_status":"closed","template":"","meta":[],"_links":{"self":[{"href":"https:\/\/www.arca-valognes.fr\/index.php\/wp-json\/wp\/v2\/pages\/89"}],"collection":[{"href":"https:\/\/www.arca-valognes.fr\/index.php\/wp-json\/wp\/v2\/pages"}],"about":[{"href":"https:\/\/www.arca-valognes.fr\/index.php\/wp-json\/wp\/v2\/types\/page"}],"author":[{"embeddable":true,"href":"https:\/\/www.arca-valognes.fr\/index.php\/wp-json\/wp\/v2\/users\/1"}],"replies":[{"embeddable":true,"href":"https:\/\/www.arca-valognes.fr\/index.php\/wp-json\/wp\/v2\/comments?post=89"}],"version-history":[{"count":12,"href":"https:\/\/www.arca-valognes.fr\/index.php\/wp-json\/wp\/v2\/pages\/89\/revisions"}],"predecessor-version":[{"id":482,"href":"https:\/\/www.arca-valognes.fr\/index.php\/wp-json\/wp\/v2\/pages\/89\/revisions\/482"}],"wp:attachment":[{"href":"https:\/\/www.arca-valognes.fr\/index.php\/wp-json\/wp\/v2\/media?parent=89"}],"curies":[{"name":"wp","href":"https:\/\/api.w.org\/{rel}","templated":true}]}}